{"id":7059,"date":"2021-10-07T10:53:03","date_gmt":"2021-10-07T08:53:03","guid":{"rendered":"http:\/\/lichtforumnrw.de\/Projektseiten\/dark\/?page_id=7059"},"modified":"2021-10-20T02:29:02","modified_gmt":"2021-10-20T00:29:02","slug":"5-lumin","status":"publish","type":"page","link":"https:\/\/lichtforumnrw.de\/Projektseiten\/dark\/home\/5-lumin\/","title":{"rendered":"5 &#8211; LUMIN"},"content":{"rendered":"<section class=\"l-section wpb_row height_large color_primary with_img with_overlay\" style=\"padding-top: 5px !important;padding-bottom: 5px !important;background-color: #eaeaea !important;\"><div class=\"l-section-img\" style=\"background-image: url(https:\/\/lichtforumnrw.de\/Projektseiten\/dark\/wp-content\/uploads\/sites\/9\/2021\/09\/Logo_dark_2021-weiss.svg);\" data-img-width=\"0\" data-img-height=\"0\"><\/div><div class=\"l-section-overlay\" style=\"background-color: rgba(255,242,0,0.25)\"><\/div><div class=\"l-section-h g-html i-cf\"><div class=\"g-cols offset_small\"><div class=\" one-quarter  vc_custom_1631184738484\"><div class=\"wpb_text_column  vc_custom_1633600719696\"><div class=\"wpb_wrapper\">\n<p style=\"text-align: center;\"><span style=\"color: #de0085;\"><strong><span style=\"font-family: Rajdhani; font-size: 60pt;\">5<\/span><\/strong><\/span><\/p>\n<p><img loading=\"lazy\" class=\"alignnone size-full wp-image-6779 aligncenter\" src=\"http:\/\/lichtforumnrw.de\/Projektseiten\/dark\/wp-content\/uploads\/sites\/9\/2021\/09\/pink-streifen-k.png\" alt=\"\" width=\"88\" height=\"10\" \/><\/div> <\/div> <div class=\"wpb_text_column  vc_custom_1633600808482\"><div class=\"wpb_wrapper\">\n<p style=\"text-align: center;\"><span style=\"font-size: 18pt; font-family: Rajdhani;\"><strong><span style=\"color: #de0085;\">K\u00fcnstler<\/span><br \/>\n<\/strong><\/span><strong><span style=\"color: #000000; font-family: Rajdhani;\"><span style=\"caret-color: #000000;\">Ahmet Said Kaplan<br \/>\n<\/span><\/span><\/strong><span style=\"color: #000000; font-family: Rajdhani;\"><span style=\"caret-color: #000000;\">mit\u00a0<\/span><\/span><span style=\"color: #000000; font-family: Rajdhani;\"><span style=\"caret-color: #000000;\">Kaosmos<\/span><\/span><\/p>\n<p style=\"text-align: center;\"><strong><span style=\"font-size: 18pt; font-family: Rajdhani;\"><span style=\"color: #de0085;\">Ort<\/span><br \/>\n<\/span><\/strong><span style=\"color: #000000; font-family: Rajdhani;\"><strong>Ladenlokal, Steinweg<\/strong><br \/>\nSteinweg 13<\/span><\/p>\n<\/div> <\/div> <div class=\" vc_custom_1634051053240 ubtn-ctn-center \"><a class=\"ubtn-link ult-adjust-bottom-margin ubtn-center ubtn-small \" href = \"https:\/\/lichtforumnrw.de\/Projektseiten\/dark\/#aussteller\" target='' ><button type=\"button\" id=\"ubtn-5196\" class=\"ubtn ult-adjust-bottom-margin ult-responsive ubtn-small ubtn-no-hover-bg  ulta-grow  ubtn-center   tooltip-69d77774f0656\"  data-hover=\"#de0085\" data-border-color=\"\" data-bg=\"#de0085\" data-hover-bg=\"#fff200\" data-border-hover=\"\" data-shadow-hover=\"\" data-shadow-click=\"none\" data-shadow=\"\" data-shd-shadow=\"\"  data-ultimate-target='#ubtn-5196'  data-responsive-json-new='{\"font-size\":\"\",\"line-height\":\"\"}'  style=\"font-family:'Rajdhani';font-weight:bold;border:none;background: #de0085;color: #fff200;\"><span class=\"ubtn-data ubtn-icon\"><i class=\"none\" style=\"font-size:12px;color:#de0085;\"><\/i><\/span><span class=\"ubtn-hover\" style=\"background-color:#fff200\"><\/span><span class=\"ubtn-data ubtn-text \" >Zur \u00dcbersicht<\/span><\/button><\/a><\/div><div class=\" vc_custom_1634304515855 ubtn-ctn-center \"><a class=\"ubtn-link ult-adjust-bottom-margin ubtn-center ubtn-small \" href = \"#wegbeschreibung\" target='' ><button type=\"button\" id=\"ubtn-9191\" class=\"ubtn ult-adjust-bottom-margin ult-responsive ubtn-small ubtn-no-hover-bg  ulta-grow  ubtn-center   tooltip-69d77774f070f\"  data-hover=\"#fff200\" data-border-color=\"\" data-bg=\"#fff200\" data-hover-bg=\"#de0085\" data-border-hover=\"\" data-shadow-hover=\"\" data-shadow-click=\"none\" data-shadow=\"\" data-shd-shadow=\"\"  data-ultimate-target='#ubtn-9191'  data-responsive-json-new='{\"font-size\":\"\",\"line-height\":\"\"}'  style=\"font-family:'Rajdhani';font-weight:bold;border:none;background: #fff200;color: #de0085;\"><span class=\"ubtn-data ubtn-icon\"><i class=\"none\" style=\"font-size:12px;color:#de0085;\"><\/i><\/span><span class=\"ubtn-hover\" style=\"background-color:#de0085\"><\/span><span class=\"ubtn-data ubtn-text \" >STANDORT<\/span><\/button><\/a><\/div><\/div><div class=\" one-half  vc_custom_1631010673236\"><div class=\"wpb_text_column  vc_custom_1633600736048\"><div class=\"wpb_wrapper\"><span style=\"color: #de0085; font-size: 36pt;\"><strong><span style=\"font-family: Rajdhani;\">LUMIN<\/span><\/strong><\/span><\/div> <\/div> <div class=\"wpb_text_column  vc_custom_1634037638081\"><div class=\"wpb_wrapper\"><span style=\"color: #000000; font-family: 'Open Sans'; font-size: 14pt;\">Biolumineszierende Wesen leuchten, um andere Lebewesen anzuziehen, mit ihnen zu kommunizieren oder auch zu jagen. Ihr Licht dabei die Hauptverbindung zur Umgebung. So ist Lumin ist eine von der Natur inspirierte Installation, die ihre Zuschauer in die H\u00f6hlen Neuseelands entf\u00fchrt, wo eine ganz spezielle Art von Gl\u00fchw\u00fcrmchen zu finden ist: die Arachnocampa luminosa. <\/span><\/p>\n<p><span style=\"color: #000000; font-family: 'Open Sans'; font-size: 14pt;\">Die Installation interpretiert die leuchtenden W\u00fcrmchen in einer vom Publikum ausgehenden Simulation. Dabei werden Handbewegungen virtuell als Licht und Kraftfelder dargestellt. So werden die Zuschauer der interagierende Teil einer Projektion, die zum Bestaunen der lebensechten Wurm-Bewegungen einl\u00e4dt.<br \/>\n<\/span><\/div> <\/div> <div class=\"w-image \"><img width=\"1000\" height=\"750\" src=\"https:\/\/lichtforumnrw.de\/Projektseiten\/dark\/wp-content\/uploads\/sites\/9\/2021\/10\/5_Lumin-k.jpg\" class=\"attachment-large size-large\" alt=\"\" loading=\"lazy\" srcset=\"https:\/\/lichtforumnrw.de\/Projektseiten\/dark\/wp-content\/uploads\/sites\/9\/2021\/10\/5_Lumin-k.jpg 1000w, https:\/\/lichtforumnrw.de\/Projektseiten\/dark\/wp-content\/uploads\/sites\/9\/2021\/10\/5_Lumin-k-300x225.jpg 300w, https:\/\/lichtforumnrw.de\/Projektseiten\/dark\/wp-content\/uploads\/sites\/9\/2021\/10\/5_Lumin-k-768x576.jpg 768w, https:\/\/lichtforumnrw.de\/Projektseiten\/dark\/wp-content\/uploads\/sites\/9\/2021\/10\/5_Lumin-k-600x450.jpg 600w\" sizes=\"(max-width: 1000px) 100vw, 1000px\" \/><\/div><\/div><\/div><\/div><\/section><!-- Row Backgrounds --><div class=\"upb_color\" data-bg-override=\"0\" data-bg-color=\"#fff200\" data-fadeout=\"\" data-fadeout-percentage=\"30\" data-parallax-content=\"\" data-parallax-content-sense=\"30\" data-row-effect-mobile-disable=\"true\" data-img-parallax-mobile-disable=\"true\" data-rtl=\"false\"  data-custom-vc-row=\"\"  data-vc=\"4.12\"  data-is_old_vc=\"\"  data-theme-support=\"\"   data-overlay=\"false\" data-overlay-color=\"\" data-overlay-pattern=\"\" data-overlay-pattern-opacity=\"\" data-overlay-pattern-size=\"\"    ><\/div><section class=\"l-section wpb_row height_auto\"><div class=\"l-section-h g-html i-cf\"><div class=\"g-cols offset_small\"><div class=\" one-third\"><div class=\"vc_empty_space\"  style=\"height: 32px\" ><span class=\"vc_empty_space_inner\"><\/span><\/div>\n<div class=\"wpb_text_column  vc_custom_1634304546712\"><div class=\"wpb_wrapper\">\n<h1 id=\"wegbeschreibung\"><span style=\"font-family: Rajdhani; font-size: 24pt;\"><span style=\"color: #de0085;\"><strong>STANDORT<\/strong><\/span><\/span><\/h1>\n<p>Ladenlokal am Steinweg 13<\/div> <\/div> <\/div><div class=\" one-third  vc_custom_1631187342023\"><\/div><\/div><\/div><\/section><!-- Row Backgrounds --><div class=\"upb_color\" data-bg-override=\"0\" data-bg-color=\"#ffffff\" data-fadeout=\"\" data-fadeout-percentage=\"30\" data-parallax-content=\"\" data-parallax-content-sense=\"30\" data-row-effect-mobile-disable=\"true\" data-img-parallax-mobile-disable=\"true\" data-rtl=\"false\"  data-custom-vc-row=\"\"  data-vc=\"4.12\"  data-is_old_vc=\"\"  data-theme-support=\"\"   data-overlay=\"false\" data-overlay-color=\"\" data-overlay-pattern=\"\" data-overlay-pattern-opacity=\"\" data-overlay-pattern-size=\"\"    ><\/div><section class=\"l-section wpb_row height_medium\"><div class=\"l-section-h g-html i-cf\"><div class=\"g-cols offset_small\"><div class=\" full-width\"><div class=\"wpb_text_column  vc_custom_1633615006500\"><div class=\"wpb_wrapper\"><iframe loading=\"lazy\" src=\"https:\/\/www.google.com\/maps\/d\/embed?mid=1iURx_kQMCkODVrduayn6O5CnI9GU_z_D\" width=\"900\" height=\"600\"><\/iframe><\/div> <\/div> <\/div><\/div><\/div><\/section><!-- Row Backgrounds --><div class=\"upb_color\" data-bg-override=\"0\" data-bg-color=\"\" data-fadeout=\"\" data-fadeout-percentage=\"30\" data-parallax-content=\"\" data-parallax-content-sense=\"30\" data-row-effect-mobile-disable=\"true\" data-img-parallax-mobile-disable=\"true\" data-rtl=\"false\"  data-custom-vc-row=\"\"  data-vc=\"4.12\"  data-is_old_vc=\"\"  data-theme-support=\"\"   data-overlay=\"false\" data-overlay-color=\"\" data-overlay-pattern=\"\" data-overlay-pattern-opacity=\"\" data-overlay-pattern-size=\"\"    ><\/div><section class=\"l-section wpb_row height_medium\"><div class=\"l-section-h g-html i-cf\"><div class=\"g-cols offset_small\"><div class=\" full-width\"><\/div><\/div><\/div><\/section>\n","protected":false},"excerpt":{"rendered":"5 K\u00fcnstler Ahmet Said Kaplan mit\u00a0Kaosmos Ort Ladenlokal, Steinweg Steinweg 13 Zur \u00dcbersichtSTANDORTLUMIN Biolumineszierende Wesen leuchten, um andere Lebewesen anzuziehen, mit ihnen zu kommunizieren oder auch zu...","protected":false},"author":1,"featured_media":0,"parent":5687,"menu_order":0,"comment_status":"closed","ping_status":"closed","template":"","meta":{"spay_email":""},"jetpack_sharing_enabled":true,"jetpack_shortlink":"https:\/\/wp.me\/P7Qre3-1PR","_links":{"self":[{"href":"https:\/\/lichtforumnrw.de\/Projektseiten\/dark\/wp-json\/wp\/v2\/pages\/7059"}],"collection":[{"href":"https:\/\/lichtforumnrw.de\/Projektseiten\/dark\/wp-json\/wp\/v2\/pages"}],"about":[{"href":"https:\/\/lichtforumnrw.de\/Projektseiten\/dark\/wp-json\/wp\/v2\/types\/page"}],"author":[{"embeddable":true,"href":"https:\/\/lichtforumnrw.de\/Projektseiten\/dark\/wp-json\/wp\/v2\/users\/1"}],"replies":[{"embeddable":true,"href":"https:\/\/lichtforumnrw.de\/Projektseiten\/dark\/wp-json\/wp\/v2\/comments?post=7059"}],"version-history":[{"count":9,"href":"https:\/\/lichtforumnrw.de\/Projektseiten\/dark\/wp-json\/wp\/v2\/pages\/7059\/revisions"}],"predecessor-version":[{"id":7242,"href":"https:\/\/lichtforumnrw.de\/Projektseiten\/dark\/wp-json\/wp\/v2\/pages\/7059\/revisions\/7242"}],"up":[{"embeddable":true,"href":"https:\/\/lichtforumnrw.de\/Projektseiten\/dark\/wp-json\/wp\/v2\/pages\/5687"}],"wp:attachment":[{"href":"https:\/\/lichtforumnrw.de\/Projektseiten\/dark\/wp-json\/wp\/v2\/media?parent=7059"}],"curies":[{"name":"wp","href":"https:\/\/api.w.org\/{rel}","templated":true}]}}